{"id":571,"date":"2020-11-22T11:30:11","date_gmt":"2020-11-22T11:30:11","guid":{"rendered":"http:\/\/sophynad.com\/?page_id=571"},"modified":"2024-08-06T09:43:38","modified_gmt":"2024-08-06T09:43:38","slug":"entreprise","status":"publish","type":"page","link":"https:\/\/sophynad.com\/?page_id=571","title":{"rendered":"ENTREPRISE"},"content":{"rendered":"<p><strong><img loading=\"lazy\" class=\"size-full wp-image-10552 aligncenter\" src=\"https:\/\/sophynad.com\/wp-content\/uploads\/2024\/07\/sophynadlogo.jpg\" alt=\"\" width=\"301\" height=\"147\" \/><\/strong><\/p>\n<ul>\n<li><strong>QUI SOMME NOUS ?<\/strong><\/li>\n<\/ul>\n<p>SOPHYNAD est une entreprise jeune et moderne, qui a commenc\u00e9 son activit\u00e9 en Janvier 2007 sp\u00e9cialis\u00e9e dans la vente et la distribution des produits d\u2019agriculture et d&rsquo;entretien des espaces verts.<\/p>\n<ul>\n<li><strong>POSITIONNEMENT :<\/strong><\/li>\n<\/ul>\n<p>L&rsquo;entreprise a\u00a0 r\u00e9ussi de se positionner comme une entreprise moyenne dans le secteur d&rsquo;agriculture, Nous disposons d\u2019une large gamme de produits d\u2019agriculture et d\u2019entretien des espaces verts soigneusement s\u00e9lectionn\u00e9s\u00a0 et essay\u00e9s pour contribuer\u00a0\u00e0 la rentabilit\u00e9 des activit\u00e9s de nos clients.<\/p>\n<p>Notre objectif est de satisfaire les besoins de nos clients avec des produits d&rsquo;une grande qualit\u00e9 prevenant de nos collaborateurs reconnus mondialement.<\/p>\n<ul>\n<li><strong>\u00a0VALEURS :<\/strong><\/li>\n<\/ul>\n<p>D\u2019apr\u00e8s notre exp\u00e9rience obtenue depuis des ann\u00e9es et la confiance de nos collaborateurs reconnus mondialement nous garantissons la qualit\u00e9 et l\u2019efficacit\u00e9\u00a0 de nos produits et le bon service de nos vendeurs.<\/p>\n<p>&nbsp;<\/p>\n<p><strong>\u00a0<\/strong><\/p>\n<p>&nbsp;<\/p>\n<p>&nbsp;<\/p>\n<p>&nbsp;<\/p>\n","protected":false},"excerpt":{"rendered":"<p>QUI SOMME NOUS ? SOPHYNAD est une entreprise jeune et moderne, qui a commenc\u00e9 son activit\u00e9 en Janvier 2007 sp\u00e9cialis\u00e9e dans la vente et la distribution des produits d\u2019agriculture et d&rsquo;entretien des espaces verts. POSITIONNEMENT : L&rsquo;entreprise a\u00a0 r\u00e9ussi de se positionner comme une entreprise moyenne dans le secteur d&rsquo;agriculture, Nous disposons d\u2019une large gamme [&hellip;]<\/p>\n","protected":false},"author":1,"featured_media":673,"parent":0,"menu_order":0,"comment_status":"closed","ping_status":"closed","template":"","meta":[],"acf":[],"_links":{"self":[{"href":"https:\/\/sophynad.com\/index.php?rest_route=\/wp\/v2\/pages\/571"}],"collection":[{"href":"https:\/\/sophynad.com\/index.php?rest_route=\/wp\/v2\/pages"}],"about":[{"href":"https:\/\/sophynad.com\/index.php?rest_route=\/wp\/v2\/types\/page"}],"author":[{"embeddable":true,"href":"https:\/\/sophynad.com\/index.php?rest_route=\/wp\/v2\/users\/1"}],"replies":[{"embeddable":true,"href":"https:\/\/sophynad.com\/index.php?rest_route=%2Fwp%2Fv2%2Fcomments&post=571"}],"version-history":[{"count":13,"href":"https:\/\/sophynad.com\/index.php?rest_route=\/wp\/v2\/pages\/571\/revisions"}],"predecessor-version":[{"id":10555,"href":"https:\/\/sophynad.com\/index.php?rest_route=\/wp\/v2\/pages\/571\/revisions\/10555"}],"wp:featuredmedia":[{"embeddable":true,"href":"https:\/\/sophynad.com\/index.php?rest_route=\/wp\/v2\/media\/673"}],"wp:attachment":[{"href":"https:\/\/sophynad.com\/index.php?rest_route=%2Fwp%2Fv2%2Fmedia&parent=571"}],"curies":[{"name":"wp","href":"https:\/\/api.w.org\/{rel}","templated":true}]}}